{"id":55,"date":"2022-09-06T01:42:14","date_gmt":"2022-09-05T18:42:14","guid":{"rendered":"https:\/\/bds06.bkweb.com.vn\/?post_type=product&#038;p=55"},"modified":"2022-09-06T17:07:15","modified_gmt":"2022-09-06T10:07:15","slug":"can-ho-the-art","status":"publish","type":"product","link":"https:\/\/bds06.bkweb.com.vn\/?product=can-ho-the-art","title":{"rendered":"C\u0103n h\u1ed9 The Art"},"content":{"rendered":"","protected":false},"excerpt":{"rendered":"<ul class=\"ulgroup w-100 clearfix\">\n<li class=\"first_status\">Qu\u1eadn huy\u1ec7n: Qu\u1eadn 1, TPHCM<\/li>\n<li class=\"first_status\">Ki\u1ec3u d\u1ef1 \u00e1n:\u00a0<span class=\"status_name\">C\u0103n h\u1ed9<\/span><\/li>\n<li class=\"first_status\">Ch\u1ee7 \u0111\u1ea7u t\u01b0:\u00a0<span class=\"status_name\">C\u00f4ng Ty TNHH X\u00e2y D\u1ef1ng \u2013 Kinh Doanh Nh\u00e0 Gia H\u00f2a<\/span><\/li>\n<li class=\"first_status\">Lo\u1ea1i h\u00ecnh \u0111\u1ea7u t\u01b0:\u00a0<span class=\"status_name\">D\u1ef1 \u00e1n c\u0103n h\u1ed9 The Art d\u00e0nh cho Tr\u00ed Th\u1ee9c Tr\u1ebb c\u00f3 di\u1ec7n t\u00edch khu\u00f4n vi\u00ean r\u1ed9ng h\u01a1n 30.000 m2 v\u1edbi 10 kh\u1ed1i th\u00e1p c\u0103n h\u1ed9 cao 18 t\u1ea7ng v\u00e0 m\u1ed9t trung t\u00e2m th\u01b0\u01a1ng m\u1ea1i trong t\u1ed5ng th\u1ec3 4 Block mang t\u00ean c\u00e1c ngh\u1ec7 s\u0129 n\u1ed5i ti\u1ebfng th\u1ebf gi\u1edbi.<\/span><\/li>\n<\/ul>\n","protected":false},"featured_media":56,"comment_status":"open","ping_status":"closed","template":"","meta":{"_acf_changed":false},"product_brand":[],"product_cat":[15,17,18,19,20],"product_tag":[],"class_list":{"0":"post-55","1":"product","2":"type-product","3":"status-publish","4":"has-post-thumbnail","6":"product_cat-can-ho","7":"product_cat-biet-thu","8":"product_cat-chung-cu","9":"product_cat-nha-pho","10":"product_cat-van-phong","12":"first","13":"instock","14":"shipping-taxable","15":"product-type-simple"},"acf":[],"_links":{"self":[{"href":"https:\/\/bds06.bkweb.com.vn\/index.php?rest_route=\/wp\/v2\/product\/55","targetHints":{"allow":["GET"]}}],"collection":[{"href":"https:\/\/bds06.bkweb.com.vn\/index.php?rest_route=\/wp\/v2\/product"}],"about":[{"href":"https:\/\/bds06.bkweb.com.vn\/index.php?rest_route=\/wp\/v2\/types\/product"}],"replies":[{"embeddable":true,"href":"https:\/\/bds06.bkweb.com.vn\/index.php?rest_route=%2Fwp%2Fv2%2Fcomments&post=55"}],"wp:featuredmedia":[{"embeddable":true,"href":"https:\/\/bds06.bkweb.com.vn\/index.php?rest_route=\/wp\/v2\/media\/56"}],"wp:attachment":[{"href":"https:\/\/bds06.bkweb.com.vn\/index.php?rest_route=%2Fwp%2Fv2%2Fmedia&parent=55"}],"wp:term":[{"taxonomy":"product_brand","embeddable":true,"href":"https:\/\/bds06.bkweb.com.vn\/index.php?rest_route=%2Fwp%2Fv2%2Fproduct_brand&post=55"},{"taxonomy":"product_cat","embeddable":true,"href":"https:\/\/bds06.bkweb.com.vn\/index.php?rest_route=%2Fwp%2Fv2%2Fproduct_cat&post=55"},{"taxonomy":"product_tag","embeddable":true,"href":"https:\/\/bds06.bkweb.com.vn\/index.php?rest_route=%2Fwp%2Fv2%2Fproduct_tag&post=55"}],"curies":[{"name":"wp","href":"https:\/\/api.w.org\/{rel}","templated":true}]}}